{"id":2369,"date":"2022-04-06T17:51:20","date_gmt":"2022-04-06T15:51:20","guid":{"rendered":"https:\/\/angludet.hubox.org\/?page_id=2369"},"modified":"2026-02-11T16:02:41","modified_gmt":"2026-02-11T15:02:41","slug":"meals-and-seminars","status":"publish","type":"page","link":"https:\/\/www.chateau-angludet.fr\/en\/angludet-you\/meals-and-seminars\/","title":{"rendered":"Meals and seminars"},"content":{"rendered":"<h1>Meals and seminars<\/h1>\n<div>An offer designed with you, for you.<\/div>\n<p><p>\n        <a href=\"https:\/\/www.chateau-angludet.fr\/en\/book\/\">Book your experience<\/a>\n    <\/p>\n<\/p>\n<div>Ch\u00e2teau Angludet allows you to combine work and pleasure by offering you an idyllic setting in the middle of the Margalais vineyards.<\/div>\n<h2>Organize, exchange, enjoy<\/h2>\n<div>\n<p>We offer a personalized offer that will adapt to your needs as well as your desires. A meal with your loved ones who are passionate about wine? A meeting with collaborators? Whether it is an exceptional meeting, a cocktail party, a meal with friends or colleagues, Ch\u00e2teau Angludet, will bring a unique touch to all your events with a note of confidentiality and discretion that you will not fail to appreciate.<\/p>\n<p>Angludet welcomes you throughout the year and supports you in the organization of your events, whether private or business.<\/p>\n<p>Each rooms are equipped of free wifi access, a flipchart, a video projector and a projection screen.<\/p>\n<\/div>\n<p><img decoding=\"async\" src=\"\/wp-content\/uploads\/Chateau-Angludet-Printemps-42-scaled.jpg\" alt=\"\"><\/p>\n<h2>The Country delight Picnic<\/h2>\n<div>\n<p class=\"p1\">BY RESERVATION ONLY (48 HOURS IN ADVANCE)<\/p>\n<p class=\"p2\">In the heart of the vineyards, Angludet picnics offer a gentle and gourmet getaway. Settle down on the warm grass, breathe&#8230; and time slows down. Wine, not included, can be chosen on site to accompany each bite. A woven basket of flavours including: orzo salad with feta and sun-dried tomatoes, salmon club sandwich flavoured with dill and cucumber, characterful charcuterie, red wine-smoked duck breast, p\u00e2t\u00e9 en cro\u00fbte, M\u00e9doc grenier, seasonal stuffed brie and cr\u00e8me caramel for a sweet finish. For those who prefer a vegetarian basket, a 100% vegetarian version is available: simply let us know when you book.<\/p>\n<p class=\"p3\">\u20ac35 per person<\/p>\n<\/div>\n<h2><span>A Journey of Flavours<\/span><\/h2>\n<div>\n<p class=\"p1\">GOURMET GETAWAY AT THE ESTATE<\/p>\n<p class=\"p2\">Take the time to enjoy a truly delightful moment in the heart of the estate! Alongside our wines, discover a medley of bites \u2014 starters, main courses, cheeses, desserts \u2014 created by a family business passionate about local produce. Each bite tells a story: terroir, seasons, the pleasure of good food. It&#8217;s a cocktail lunch: everything is served in small portions, standing or on the move, for a relaxed experience. A glass of wine is included, and you can continue your discovery with other vintages. A journey for the senses, without leaving the vineyard.<\/p>\n<p class=\"p3\">\u20ac65 per person<\/p>\n<\/div>\n<p><img decoding=\"async\" src=\"\/wp-content\/uploads\/Initiative-creative-1-scaled.jpg\" alt=\"\"><br \/>\n<img decoding=\"async\" src=\"\/wp-content\/uploads\/Angludet-Fevrier-2024-Mya-Photography-0177.jpg\" alt=\"\"><\/p>\n<h2>\n<p class=\"p1\">The EMBERS of the M\u00c9DOC<\/p>\n<\/h2>\n<div>\n<p class=\"p1\">RIB STEAK ON VINE SHOOTS<\/p>\n<p class=\"p2\">For groups from 10 to 40 people<\/p>\n<p class=\"p2\">The M\u00e9doc tradition as we love it: rib steak grilled over vine shoots from our vineyards! The beef comes from Larazet butchers, world champions and the pride of Arsac. Here, everything is local, authentic and fragrant: the meat is slowly cooked over Cabernet Sauvignon vine shoots, revealing its tenderness and unique flavour. At the table, gratin dauphinois and a cheese platter complete this feast. Every moment is enhanced by our wines: one glass for the meat, one for the cheese.<\/p>\n<p class=\"p3\">\u20ac130 per person<\/p>\n<\/div>\n<h2>\n<p class=\"p1\">TRADITIONAL barbecue<\/p>\n<\/h2>\n<div>\n<p class=\"p1\">THE WINEGROWER&#8217;S ROTISSERIE<\/p>\n<p class=\"p2\">A festive atmosphere and authenticity guaranteed! It all starts with platters of local charcuterie and cheese, to be shared cheerfully. Then it&#8217;s time for the star of the meal: your choice of M\u00e9doc suckling pig or Pauillac lamb, slow-roasted for 5 hours. Tender, golden meat, served with potatoes from the garden and a secret sauce. Two glasses of wine per person are included, perfectly paired with the meal. And to keep the party going, our wines are available \u00e0 la carte. A convivial and generous experience, just like a real winegrower&#8217;s meal.<\/p>\n<p class=\"p3\">\u20ac130 per person<\/p>\n<\/div>\n<p><img decoding=\"async\" src=\"\/wp-content\/uploads\/Daisy-et-Arnaud-Mya-photography-0187.jpg\" alt=\"\"><br \/>\n<img decoding=\"async\" src=\"\/wp-content\/uploads\/repas-seminaire-2.jpg\" alt=\"\"><\/p>\n<h2>\n<p class=\"p1\">THE CHEF&#8217;S SIGNATURE<\/p>\n<\/h2>\n<div>\n<p class=\"p1\">THE PRIVATE EXPERIENCE<\/p>\n<p class=\"p2\">For groups from 10 to 40 people<\/p>\n<p class=\"p2\">Treat yourself to an exclusive gastronomic experience with a chef just for you. In the estate&#8217;s kitchen (or at your home), he will create a tailor-made menu inspired by your desires, the season and our wines. He takes care of everything: preparation, cooking, plating and service. All you have to do is enjoy. The offer includes two glasses of wine per person, chosen to complement the meal. And for those who are curious, other vintages are available \u00e0 la carte. An exceptional, intimate and refined moment, combining gastronomy and the M\u00e9doc lifestyle.<\/p>\n<p class=\"p3\">\u20ac180 per person<\/p>\n<\/div>\n<h2>Angludet and you: Happy to meet you<\/h2>\n<ul>\n<li>\n<p>        <img decoding=\"async\" src=\"\/wp-content\/uploads\/visite-degustation-vignoble.jpg\" alt=\"\"><\/p>\n<h3>Visit and tasting<\/h3>\n<div>A unique and private experience<\/div>\n<p><a href=\"https:\/\/www.chateau-angludet.fr\/en\/angludet-you\/private-tasting-tour\/\"><\/a><\/p>\n<\/li>\n<li>\n<p>        <img decoding=\"async\" src=\"\/wp-content\/uploads\/angludet-vous-viticulture.jpg\" alt=\"\"><\/p>\n<h3>Terrasse fleurie<\/h3>\n<div>Private tasting spots<\/div>\n<p><a href=\"https:\/\/www.chateau-angludet.fr\/en\/angludet-you\/la-terrasse-fleurie\/\"><\/a><\/p>\n<\/li>\n<li>\n<p>        <img decoding=\"async\" src=\"\/wp-content\/uploads\/degustation-mets-vins-4.jpg\" alt=\"\"><\/p>\n<h3>Meal and seminar<\/h3>\n<div>An extraordinary experience<\/div>\n<p><a href=\"https:\/\/www.chateau-angludet.fr\/en\/angludet-you\/meals-and-seminars\/\"><\/a><\/p>\n<\/li>\n<\/ul>\n<p><!--more--><br \/>\n<!-- {\"name\":\"5 - REPAS ET SEMINAIRES FR\",\"type\":\"layout\",\"children\":[{\"name\":\"ENTETE\",\"type\":\"section\",\"props\":{\"image\":\"wp-content\/uploads\/repas-semaine-nb.jpg\",\"image_position\":\"center-center\",\"image_size\":\"cover\",\"media_overlay\":\"rgba(0, 0, 0, 0.4)\",\"padding_bottom\":\"large\",\"padding_top\":\"large\",\"style\":\"default\",\"title_breakpoint\":\"xl\",\"title_position\":\"top-left\",\"title_rotation\":\"left\",\"vertical_align\":\"\",\"width\":\"expand\"},\"children\":[{\"type\":\"row\",\"children\":[{\"type\":\"column\",\"props\":{\"image_position\":\"center-center\",\"position_sticky_breakpoint\":\"m\",\"text_color\":\"light\",\"width_medium\":\"1-1\"},\"children\":[{\"type\":\"headline\",\"props\":{\"content\":\"Meals and seminars\",\"image_align\":\"left\",\"image_margin\":\"xsmall\",\"text_align\":\"center\",\"title_element\":\"h1\",\"title_style\":\"heading-small\"}},{\"type\":\"text\",\"props\":{\"block_align\":\"center\",\"column_breakpoint\":\"m\",\"content\":\"An offer designed with you, for you.\",\"margin_bottom\":\"large\",\"margin_top\":\"large\",\"maxwidth\":\"2xlarge\",\"text_align\":\"center\",\"text_color\":\"emphasis\"}},{\"type\":\"button\",\"props\":{\"grid_column_gap\":\"small\",\"grid_row_gap\":\"small\",\"margin_bottom\":\"default\",\"margin_top\":\"default\",\"text_align\":\"center\"},\"children\":[{\"type\":\"button_item\",\"props\":{\"button_style\":\"primary\",\"content\":\"Book your experience\",\"dialog_layout\":\"modal\",\"dialog_offcanvas_flip\":true,\"icon\":\"calendar\",\"icon_align\":\"left\",\"link\":\"en\/book\/\"}}]}]}],\"props\":{\"width\":\"default\"}}],\"modified\":\"2021-01-28T14:08:21.381Z\"},{\"type\":\"section\",\"props\":{\"image_position\":\"center-center\",\"style\":\"default\",\"title_breakpoint\":\"xl\",\"title_position\":\"top-left\",\"title_rotation\":\"left\",\"vertical_align\":\"\",\"width\":\"small\"},\"children\":[{\"type\":\"row\",\"children\":[{\"type\":\"column\",\"props\":{\"image_position\":\"center-center\",\"position_sticky_breakpoint\":\"m\"},\"children\":[{\"type\":\"headline\",\"props\":{\"block_align\":\"center\",\"content\":\"Ch\u00e2teau Angludet allows you to combine work and pleasure by offering you an idyllic setting in the middle of the Margalais vineyards.\",\"image_align\":\"left\",\"image_margin\":\"xsmall\",\"text_align\":\"center\",\"title_decoration\":\"line\",\"title_element\":\"div\",\"title_style\":\"h2\"}}]}]},{\"type\":\"row\",\"children\":[{\"type\":\"column\",\"props\":{\"image_position\":\"center-center\",\"position_sticky_breakpoint\":\"m\"},\"children\":[{\"type\":\"headline\",\"props\":{\"content\":\"Organize, exchange, enjoy\",\"image_align\":\"left\",\"image_margin\":\"xsmall\",\"text_align\":\"center\",\"title_color\":\"primary\",\"title_element\":\"h2\",\"title_style\":\"heading-small\"}}]}]}]},{\"type\":\"section\",\"props\":{\"image_position\":\"center-center\",\"padding_bottom\":\"none\",\"padding_top\":\"none\",\"style\":\"default\",\"title_breakpoint\":\"xl\",\"title_position\":\"top-left\",\"title_rotation\":\"left\",\"vertical_align\":\"\",\"width\":\"small\"},\"children\":[{\"type\":\"row\",\"children\":[{\"type\":\"column\",\"props\":{\"image_position\":\"center-center\",\"position_sticky_breakpoint\":\"m\"},\"children\":[{\"type\":\"text\",\"props\":{\"column_breakpoint\":\"m\",\"content\":\"\n\n<p>We offer a personalized offer that will adapt to your needs as well as your desires. A meal with your loved ones who are passionate about wine? A meeting with collaborators? Whether it is an exceptional meeting, a cocktail party, a meal with friends or colleagues, Ch\u00e2teau Angludet, will bring a unique touch to all your events with a note of confidentiality and discretion that you will not fail to appreciate.<\/p>\n\n\\n\n\n<p>Angludet welcomes you throughout the year and supports you in the organization of your events, whether private or business.<\/p>\n\n\\n\n\n<p>Each rooms are equipped of free wifi access, a flipchart, a video projector and a projection screen.<\/p>\n\n\",\"margin_bottom\":\"default\",\"margin_top\":\"default\"}}]}]}]},{\"type\":\"section\",\"props\":{\"image_position\":\"center-center\",\"padding_bottom\":\"none\",\"padding_top\":\"large\",\"style\":\"default\",\"title_breakpoint\":\"xl\",\"title_position\":\"top-left\",\"title_rotation\":\"left\",\"vertical_align\":\"\",\"width\":\"small\"},\"children\":[{\"type\":\"row\",\"props\":{\"column_gap\":\"collapse\",\"layout\":\"1-2,1-2\",\"width\":\"default\"},\"children\":[{\"type\":\"column\",\"props\":{\"image_position\":\"center-center\",\"position_sticky_breakpoint\":\"m\",\"width_medium\":\"1-2\"},\"children\":[{\"type\":\"image\",\"props\":{\"image\":\"wp-content\/uploads\/Chateau-Angludet-Printemps-42-scaled.jpg\",\"image_svg_color\":\"emphasis\",\"margin_bottom\":\"default\",\"margin_top\":\"default\"}}]},{\"type\":\"column\",\"props\":{\"image_position\":\"center-center\",\"image_size\":\"cover\",\"padding\":\"small\",\"position_sticky_breakpoint\":\"m\",\"style\":\"tile-primary\",\"width_medium\":\"1-2\"},\"children\":[{\"type\":\"headline\",\"props\":{\"content\":\"The Country delight Picnic\",\"image_align\":\"left\",\"image_margin\":\"xsmall\",\"margin_bottom\":\"remove\",\"margin_top\":\"medium\",\"title_decoration\":\"bullet\",\"title_element\":\"h2\",\"title_style\":\"h1\"}},{\"type\":\"text\",\"props\":{\"column_breakpoint\":\"m\",\"content\":\"\n\n<p class=\\\"p1\\\">BY RESERVATION ONLY (48 HOURS IN ADVANCE)<\/p>\n\n\\n\n\n<p class=\\\"p2\\\">In the heart of the vineyards, Angludet picnics offer a gentle and gourmet getaway. Settle down on the warm grass, breathe... and time slows down. Wine, not included, can be chosen on site to accompany each bite. A woven basket of flavours including: orzo salad with feta and sun-dried tomatoes, salmon club sandwich flavoured with dill and cucumber, characterful charcuterie, red wine-smoked duck breast, p\u00e2t\u00e9 en cro\u00fbte, M\u00e9doc grenier, seasonal stuffed brie and cr\u00e8me caramel for a sweet finish. For those who prefer a vegetarian basket, a 100% vegetarian version is available: simply let us know when you book.<\/p>\n\n\\n\n\n<p class=\\\"p3\\\">\u20ac35 per person<\/p>\n\n\",\"margin_bottom\":\"default\",\"margin_top\":\"remove\"}}]}]}],\"modified\":\"2021-05-02T18:10:17.281Z\",\"name\":\"Terrasse\"},{\"type\":\"section\",\"props\":{\"image_position\":\"center-center\",\"padding_bottom\":\"none\",\"padding_top\":\"large\",\"style\":\"default\",\"title_breakpoint\":\"xl\",\"title_position\":\"top-left\",\"title_rotation\":\"left\",\"vertical_align\":\"\",\"width\":\"small\"},\"children\":[{\"type\":\"row\",\"props\":{\"column_gap\":\"collapse\",\"layout\":\"1-2,1-2\",\"width\":\"default\"},\"children\":[{\"type\":\"column\",\"props\":{\"image_position\":\"center-center\",\"position_sticky_breakpoint\":\"m\",\"width_medium\":\"1-2\"},\"children\":[{\"type\":\"headline\",\"props\":{\"content\":\"<span>A Journey of Flavours<\/span>\",\"image_align\":\"left\",\"image_margin\":\"xsmall\",\"margin_bottom\":\"remove\",\"margin_top\":\"medium\",\"title_decoration\":\"bullet\",\"title_element\":\"h2\",\"title_style\":\"h1\"}},{\"type\":\"text\",\"props\":{\"column_breakpoint\":\"m\",\"content\":\"\n\n<p class=\\\"p1\\\">GOURMET GETAWAY AT THE ESTATE<\/p>\n\n\\n\n\n<p class=\\\"p2\\\">Take the time to enjoy a truly delightful moment in the heart of the estate! Alongside our wines, discover a medley of bites \u2014 starters, main courses, cheeses, desserts \u2014 created by a family business passionate about local produce. Each bite tells a story: terroir, seasons, the pleasure of good food. It's a cocktail lunch: everything is served in small portions, standing or on the move, for a relaxed experience. A glass of wine is included, and you can continue your discovery with other vintages. A journey for the senses, without leaving the vineyard.<\/p>\n\n\\n\n\n<p class=\\\"p3\\\">\u20ac65 per person<\/p>\n\n\",\"margin_bottom\":\"default\",\"margin_top\":\"remove\"}}]},{\"type\":\"column\",\"props\":{\"image_position\":\"center-center\",\"image_size\":\"cover\",\"padding\":\"small\",\"position_sticky_breakpoint\":\"m\",\"style\":\"tile-primary\",\"width_medium\":\"1-2\"},\"children\":[{\"type\":\"image\",\"props\":{\"image\":\"wp-content\/uploads\/Initiative-creative-1-scaled.jpg\",\"image_svg_color\":\"emphasis\",\"margin_bottom\":\"default\",\"margin_top\":\"default\"}}]}]}],\"modified\":\"2021-05-02T18:10:17.281Z\",\"name\":\"Terrasse\"},{\"type\":\"section\",\"props\":{\"image_position\":\"center-center\",\"padding_bottom\":\"none\",\"padding_top\":\"large\",\"style\":\"default\",\"title_breakpoint\":\"xl\",\"title_position\":\"top-left\",\"title_rotation\":\"left\",\"vertical_align\":\"\",\"width\":\"small\"},\"children\":[{\"type\":\"row\",\"props\":{\"column_gap\":\"collapse\",\"layout\":\"1-2,1-2\",\"width\":\"default\"},\"children\":[{\"type\":\"column\",\"props\":{\"image_position\":\"center-center\",\"position_sticky_breakpoint\":\"m\",\"width_medium\":\"1-2\"},\"children\":[{\"type\":\"image\",\"props\":{\"image\":\"wp-content\/uploads\/Angludet-Fevrier-2024-Mya-Photography-0177.jpg\",\"image_svg_color\":\"emphasis\",\"margin_bottom\":\"default\",\"margin_top\":\"default\"}}]},{\"type\":\"column\",\"props\":{\"image_position\":\"center-center\",\"image_size\":\"cover\",\"padding\":\"small\",\"position_sticky_breakpoint\":\"m\",\"style\":\"tile-primary\",\"width_medium\":\"1-2\"},\"children\":[{\"type\":\"headline\",\"props\":{\"content\":\"\n\n<p class=\\\"p1\\\">The EMBERS of the M\u00c9DOC<\/p>\n\n\",\"image_align\":\"left\",\"image_margin\":\"xsmall\",\"margin_bottom\":\"remove\",\"margin_top\":\"medium\",\"title_decoration\":\"bullet\",\"title_element\":\"h2\",\"title_style\":\"h1\"}},{\"type\":\"text\",\"props\":{\"column_breakpoint\":\"m\",\"content\":\"\n\n<p class=\\\"p1\\\">RIB STEAK ON VINE SHOOTS<\/p>\n\n\\n\n\n<p class=\\\"p2\\\">For groups from 10 to 40 people<\/p>\n\n\\n\n\n<p class=\\\"p2\\\">The M\u00e9doc tradition as we love it: rib steak grilled over vine shoots from our vineyards! The beef comes from Larazet butchers, world champions and the pride of Arsac. Here, everything is local, authentic and fragrant: the meat is slowly cooked over Cabernet Sauvignon vine shoots, revealing its tenderness and unique flavour. At the table, gratin dauphinois and a cheese platter complete this feast. Every moment is enhanced by our wines: one glass for the meat, one for the cheese.<\/p>\n\n\\n\n\n<p class=\\\"p3\\\">\u20ac130 per person<\/p>\n\n\",\"margin_bottom\":\"default\",\"margin_top\":\"remove\"}}]}]}],\"modified\":\"2021-05-02T18:10:17.281Z\",\"name\":\"Terrasse\"},{\"type\":\"section\",\"props\":{\"image_position\":\"center-center\",\"padding_bottom\":\"none\",\"padding_top\":\"large\",\"style\":\"default\",\"title_breakpoint\":\"xl\",\"title_position\":\"top-left\",\"title_rotation\":\"left\",\"vertical_align\":\"\",\"width\":\"small\"},\"children\":[{\"type\":\"row\",\"props\":{\"column_gap\":\"collapse\",\"layout\":\"1-2,1-2\",\"width\":\"default\"},\"children\":[{\"type\":\"column\",\"props\":{\"image_position\":\"center-center\",\"position_sticky_breakpoint\":\"m\",\"width_medium\":\"1-2\"},\"children\":[{\"type\":\"headline\",\"props\":{\"content\":\"\n\n<p class=\\\"p1\\\">TRADITIONAL barbecue<\/p>\n\n\",\"image_align\":\"left\",\"image_margin\":\"xsmall\",\"margin_bottom\":\"remove\",\"margin_top\":\"medium\",\"title_decoration\":\"bullet\",\"title_element\":\"h2\",\"title_style\":\"h1\"}},{\"type\":\"text\",\"props\":{\"column_breakpoint\":\"m\",\"content\":\"\n\n<p class=\\\"p1\\\">THE WINEGROWER'S ROTISSERIE<\/p>\n\n\\n\n\n<p class=\\\"p2\\\">A festive atmosphere and authenticity guaranteed! It all starts with platters of local charcuterie and cheese, to be shared cheerfully. Then it's time for the star of the meal: your choice of M\u00e9doc suckling pig or Pauillac lamb, slow-roasted for 5 hours. Tender, golden meat, served with potatoes from the garden and a secret sauce. Two glasses of wine per person are included, perfectly paired with the meal. And to keep the party going, our wines are available \u00e0 la carte. A convivial and generous experience, just like a real winegrower's meal.<\/p>\n\n\\n\n\n<p class=\\\"p3\\\">\u20ac130 per person<\/p>\n\n\",\"margin_bottom\":\"default\",\"margin_top\":\"remove\"}}]},{\"type\":\"column\",\"props\":{\"image_position\":\"center-center\",\"image_size\":\"cover\",\"padding\":\"small\",\"position_sticky_breakpoint\":\"m\",\"style\":\"tile-primary\",\"width_medium\":\"1-2\"},\"children\":[{\"type\":\"image\",\"props\":{\"image\":\"wp-content\/uploads\/Daisy-et-Arnaud-Mya-photography-0187.jpg\",\"image_svg_color\":\"emphasis\",\"margin_bottom\":\"default\",\"margin_top\":\"default\"}}]}]}],\"modified\":\"2021-05-02T18:10:17.281Z\",\"name\":\"Terrasse\"},{\"type\":\"section\",\"props\":{\"image_position\":\"center-center\",\"padding_bottom\":\"none\",\"padding_top\":\"large\",\"style\":\"default\",\"title_breakpoint\":\"xl\",\"title_position\":\"top-left\",\"title_rotation\":\"left\",\"vertical_align\":\"\",\"width\":\"small\"},\"children\":[{\"type\":\"row\",\"props\":{\"column_gap\":\"collapse\",\"layout\":\"1-2,1-2\",\"width\":\"default\"},\"children\":[{\"type\":\"column\",\"props\":{\"image_position\":\"center-center\",\"position_sticky_breakpoint\":\"m\",\"width_medium\":\"1-2\"},\"children\":[{\"type\":\"image\",\"props\":{\"image\":\"wp-content\/uploads\/repas-seminaire-2.jpg\",\"image_svg_color\":\"emphasis\",\"margin_bottom\":\"default\",\"margin_top\":\"default\"}}]},{\"type\":\"column\",\"props\":{\"image_position\":\"center-center\",\"image_size\":\"cover\",\"padding\":\"small\",\"position_sticky_breakpoint\":\"m\",\"style\":\"tile-primary\",\"width_medium\":\"1-2\"},\"children\":[{\"type\":\"headline\",\"props\":{\"content\":\"\n\n<p class=\\\"p1\\\">THE CHEF'S SIGNATURE<\/p>\n\n\",\"image_align\":\"left\",\"image_margin\":\"xsmall\",\"margin_bottom\":\"remove\",\"margin_top\":\"medium\",\"title_decoration\":\"bullet\",\"title_element\":\"h2\",\"title_style\":\"h1\"}},{\"type\":\"text\",\"props\":{\"column_breakpoint\":\"m\",\"content\":\"\n\n<p class=\\\"p1\\\">THE PRIVATE EXPERIENCE<\/p>\n\n\\n\n\n<p class=\\\"p2\\\">For groups from 10 to 40 people<\/p>\n\n\\n\n\n<p class=\\\"p2\\\">Treat yourself to an exclusive gastronomic experience with a chef just for you. In the estate's kitchen (or at your home), he will create a tailor-made menu inspired by your desires, the season and our wines. He takes care of everything: preparation, cooking, plating and service. All you have to do is enjoy. The offer includes two glasses of wine per person, chosen to complement the meal. And for those who are curious, other vintages are available \u00e0 la carte. An exceptional, intimate and refined moment, combining gastronomy and the M\u00e9doc lifestyle.<\/p>\n\n\\n\n\n<p class=\\\"p3\\\">\u20ac180 per person<\/p>\n\n\",\"margin_bottom\":\"default\",\"margin_top\":\"remove\"}}]}]}],\"modified\":\"2021-05-02T18:10:17.281Z\",\"name\":\"Terrasse\"},{\"type\":\"section\",\"props\":{\"image_position\":\"center-center\",\"padding_bottom\":\"large\",\"padding_top\":\"large\",\"style\":\"default\",\"title_breakpoint\":\"xl\",\"title_position\":\"top-left\",\"title_rotation\":\"left\",\"vertical_align\":\"\",\"width\":\"small\"},\"children\":[{\"type\":\"row\",\"props\":{\"margin_bottom\":\"large\",\"margin_top\":\"large\"},\"children\":[{\"type\":\"column\",\"props\":{\"image_position\":\"center-center\",\"position_sticky_breakpoint\":\"m\"},\"children\":[{\"type\":\"headline\",\"props\":{\"content\":\"Angludet and you: Happy to meet you\",\"image_align\":\"left\",\"image_margin\":\"xsmall\",\"title_decoration\":\"bullet\",\"title_element\":\"h2\",\"title_style\":\"h1\"}}]}]},{\"type\":\"row\",\"props\":{\"margin_bottom\":\"large\",\"margin_top\":\"large\",\"width\":\"large\"},\"children\":[{\"type\":\"column\",\"props\":{\"image_position\":\"center-center\",\"position_sticky_breakpoint\":\"m\"},\"children\":[{\"type\":\"gallery\",\"props\":{\"filter_align\":\"left\",\"filter_all\":true,\"filter_grid_breakpoint\":\"m\",\"filter_grid_width\":\"auto\",\"filter_position\":\"top\",\"filter_style\":\"tab\",\"grid_column_align\":true,\"grid_default\":\"1\",\"grid_medium\":\"3\",\"grid_row_align\":true,\"grid_small\":\"3\",\"image_height\":\"600\",\"image_width\":\"600\",\"item_animation\":true,\"lightbox_bg_close\":true,\"link_style\":\"default\",\"link_text\":\"\",\"margin_bottom\":\"default\",\"margin_top\":\"default\",\"meta_align\":\"below-title\",\"meta_element\":\"div\",\"meta_style\":\"text-meta\",\"overlay_hover\":false,\"overlay_link\":true,\"overlay_mode\":\"caption\",\"overlay_padding\":\"small\",\"overlay_position\":\"bottom\",\"overlay_style\":\"tile-primary\",\"overlay_transition\":\"fade\",\"parallax_easing\":\"1\",\"show_content\":true,\"show_hover_image\":false,\"show_hover_video\":true,\"show_link\":true,\"show_meta\":true,\"show_title\":true,\"text_align\":\"center\",\"text_color\":\"light\",\"title_element\":\"h3\",\"title_hover_style\":\"reset\",\"title_link\":true},\"children\":[{\"type\":\"gallery_item\",\"props\":{\"content\":\"A unique and private experience\",\"hover_image\":\"\",\"image\":\"wp-content\/uploads\/visite-degustation-vignoble.jpg\",\"link\":\"en\/angludet-you\/private-tasting-tour\/\",\"meta\":\"\",\"title\":\"Visit and tasting\"}},{\"type\":\"gallery_item\",\"props\":{\"content\":\"Private tasting spots\",\"hover_image\":\"\",\"image\":\"wp-content\/uploads\/angludet-vous-viticulture.jpg\",\"link\":\"en\/angludet-you\/la-terrasse-fleurie\/\",\"title\":\"Terrasse fleurie\"}},{\"type\":\"gallery_item\",\"props\":{\"content\":\"An extraordinary experience\",\"hover_image\":\"\",\"image\":\"wp-content\/uploads\/degustation-mets-vins-4.jpg\",\"link\":\"en\/angludet-you\/meals-and-seminars\/\",\"title\":\"Meal and seminar\"}}]}]}]}],\"name\":\"VOUS EN\"}],\"version\":\"5.0.12\"} --><\/p>\n","protected":false},"excerpt":{"rendered":"<p>Meals and seminars An offer designed with you, for you. Book your experience Ch\u00e2teau Angludet allows you to combine work and pleasure by offering you an idyllic setting in the middle of the Margalais vineyards. Organize, exchange, enjoy We offer a personalized offer that will adapt to your needs as well as your desires. A [&hellip;]<\/p>\n","protected":false},"author":1,"featured_media":0,"parent":2336,"menu_order":43,"comment_status":"closed","ping_status":"closed","template":"","meta":{"footnotes":""},"class_list":["post-2369","page","type-page","status-publish","hentry"],"_links":{"self":[{"href":"https:\/\/www.chateau-angludet.fr\/en\/wp-json\/wp\/v2\/pages\/2369","targetHints":{"allow":["GET"]}}],"collection":[{"href":"https:\/\/www.chateau-angludet.fr\/en\/wp-json\/wp\/v2\/pages"}],"about":[{"href":"https:\/\/www.chateau-angludet.fr\/en\/wp-json\/wp\/v2\/types\/page"}],"author":[{"embeddable":true,"href":"https:\/\/www.chateau-angludet.fr\/en\/wp-json\/wp\/v2\/users\/1"}],"replies":[{"embeddable":true,"href":"https:\/\/www.chateau-angludet.fr\/en\/wp-json\/wp\/v2\/comments?post=2369"}],"version-history":[{"count":0,"href":"https:\/\/www.chateau-angludet.fr\/en\/wp-json\/wp\/v2\/pages\/2369\/revisions"}],"up":[{"embeddable":true,"href":"https:\/\/www.chateau-angludet.fr\/en\/wp-json\/wp\/v2\/pages\/2336"}],"wp:attachment":[{"href":"https:\/\/www.chateau-angludet.fr\/en\/wp-json\/wp\/v2\/media?parent=2369"}],"curies":[{"name":"wp","href":"https:\/\/api.w.org\/{rel}","templated":true}]}}