{"id":2246,"date":"2022-02-16T15:34:41","date_gmt":"2022-02-16T14:34:41","guid":{"rendered":"https:\/\/angludet.hubox.org\/?page_id=2246"},"modified":"2022-04-08T18:54:59","modified_gmt":"2022-04-08T16:54:59","slug":"the-chateau","status":"publish","type":"page","link":"https:\/\/www.chateau-angludet.fr\/en\/the-chateau\/","title":{"rendered":"The chateau"},"content":{"rendered":"<h1>Ch\u00e2teau Angludet<\/h1>\n<div>\n<h4>Ch\u00e2teau Angludet is a vineyard in the Bordeaux region in the Margaux appellation, in the M\u00e9doc, on the left bank of the Gironde. The estate is managed by Benjamin Sichel who adopts biodynamics to produce great red wines with passion.<\/h4>\n<\/div>\n<h2>A family affair<\/h2>\n<div>\n<p>Benefiting from the protective effect of the Gironde estuary, the Angludet vineyard displays exceptional viticultural permanence for more than 300 years. The vine produces a wine which fully expresses the terroir, made up of sandy gravels and is particularly suitable for the cultivation of the vine.<\/p>\n<\/div>\n<p><img decoding=\"async\" src=\"\/wp-content\/uploads\/propriete-angludet-chateau.jpg\" alt=\"\"><\/p>\n<div>12th century<\/div>\n<div>\n<p>Angludet is one of the oldest properties in the M\u00e9doc.<br \/>\nIt owes its name to the knight Bertrand of Angludet who built his home there in the 12th century. The vine was probably introduced at the beginning of the 17th century during the extension of the Gironde vineyard on the Medoc peninsula.\n<\/p>\n<\/div>\n<div>18th century<\/div>\n<div>\n<p>The first materialization appears on the Cassini map of <strong>1758<\/strong> considered to be the first inventory of French vineyards, on which the Angludet vineyard appears. By superimposing each cartographic census carried out since, it is noted that 95% of the current vineyard has always been planted.<\/p>\n<\/div>\n<p><img decoding=\"async\" src=\"\/wp-content\/uploads\/angludet-lucarne-e1621427087795.jpg\" alt=\"\"><\/p>\n<div>This exceptional wine permanence rate is a sign of the quality of the terroir.<\/div>\n<p><img decoding=\"async\" src=\"\/wp-content\/uploads\/permanence-viticole.jpg\" alt=\"\"><br \/>\n<img decoding=\"async\" src=\"\/wp-content\/uploads\/propriete-1791.jpg\" alt=\"\"><\/p>\n<div>1791<\/div>\n<div>\n<p>In <strong>1791<\/strong>, on the death of the then owner, Mr. Pierre Legras, the property was divided between his four heirs.<\/p>\n<p>Due to this division, Ch\u00e2teau Angludet was not retained in the classification of M\u00e9doc wines in <strong>1855<\/strong>.<\/p>\n<\/div>\n<div>1961<\/div>\n<div>\n<p><strong>1961<\/strong>, Peter and Diana Sichel, wine merchants, fall in love with this place and decide to settle there to live there and to realize their dream: to produce a great wine. The property is reborn from its ashes. Peter and Diana Sichel dedicate their lives to renovating this special place. Today it is their children and grandchildren who live on the property and strive to promote Angludet to lovers of great wines around the world.<\/p>\n<\/div>\n<p><img decoding=\"async\" src=\"\/wp-content\/uploads\/propriete-angludet-sichel.jpg\" alt=\"\"><br \/>\n<img decoding=\"async\" src=\"\/wp-content\/uploads\/propriete-degustation.jpg\" alt=\"\"><\/p>\n<div>1980<\/div>\n<div>\n<p>In <strong>1980<\/strong>, Angludet joined the very closed circle of members of the UGCB (Union des Grands Crus Class\u00e9s de Bordeaux).<\/p>\n<p>The vocation of the UGCB is to promote the wines of its members as well as to organize tastings around the world in order to meet wine enthusiasts.<\/p>\n<\/div>\n<p><img decoding=\"async\" src=\"\/wp-content\/uploads\/chateau-chevaux.jpg\" alt=\"\"><\/p>\n<p><!--more--><br \/>\n<!-- {\"name\":\"2 - PROPRIETE FR\",\"type\":\"layout\",\"children\":[{\"name\":\"ENTETE\",\"type\":\"section\",\"props\":{\"style\":\"default\",\"width\":\"expand\",\"vertical_align\":\"middle\",\"title_position\":\"top-left\",\"title_rotation\":\"left\",\"title_breakpoint\":\"xl\",\"image_position\":\"center-center\",\"image\":\"wp-content\\\/uploads\\\/propriete-chateau-angludet.jpg\",\"padding\":\"large\",\"image_size\":\"cover\",\"media_overlay\":\"rgba(0, 0, 0, 0.4)\"},\"children\":[{\"name\":\"\",\"type\":\"row\",\"children\":[{\"name\":\"\",\"type\":\"column\",\"props\":{\"image_position\":\"center-center\",\"width_medium\":\"1-1\",\"media_overlay_gradient\":\"\",\"image\":\"\",\"text_color\":\"light\",\"position_sticky_breakpoint\":\"m\"},\"children\":[{\"name\":\"\",\"type\":\"headline\",\"props\":{\"title_element\":\"h1\",\"title_style\":\"heading-small\",\"text_align\":\"center\",\"content\":\"Ch\\u00e2teau Angludet\"}},{\"name\":\"\",\"type\":\"text\",\"props\":{\"margin\":\"large\",\"column_breakpoint\":\"m\",\"text_style\":\"lead\",\"text_align\":\"center\",\"maxwidth\":\"2xlarge\",\"content\":\"\n\n<h4>Ch\\u00e2teau Angludet is a vineyard in the Bordeaux region in the Margaux appellation, in the M\\u00e9doc, on the left bank of the Gironde. The estate is managed by Benjamin Sichel who adopts biodynamics to produce great red wines with passion.<\\\/h4>\",\"margin_remove_bottom\":false,\"block_align\":\"center\",\"text_color\":\"emphasis\"}}]}],\"props\":{\"width\":\"small\"}}],\"modified\":\"2021-01-28T14:08:21.381Z\"},{\"type\":\"section\",\"props\":{\"style\":\"default\",\"width\":\"small\",\"vertical_align\":\"middle\",\"title_position\":\"top-left\",\"title_rotation\":\"left\",\"title_breakpoint\":\"xl\",\"image_position\":\"center-center\",\"padding\":\"large\"},\"children\":[{\"type\":\"row\",\"children\":[{\"type\":\"column\",\"props\":{\"image_position\":\"center-center\",\"media_overlay_gradient\":\"\",\"position_sticky_breakpoint\":\"m\"},\"children\":[{\"type\":\"headline\",\"props\":{\"title_element\":\"h2\",\"content\":\"A family affair\",\"title_decoration\":\"bullet\",\"title_style\":\"h1\"}}]}]},{\"type\":\"row\",\"props\":{\"width\":\"large\",\"margin_remove_bottom\":false},\"children\":[{\"type\":\"column\",\"props\":{\"image_position\":\"center-center\",\"media_overlay_gradient\":\"\",\"vertical_align\":\"middle\",\"padding\":\"small\",\"width_medium\":\"\",\"position_sticky_breakpoint\":\"m\"},\"children\":[{\"type\":\"text\",\"props\":{\"margin\":\"default\",\"column_breakpoint\":\"m\",\"content\":\"\n\n<p>Benefiting from the protective effect of the Gironde estuary, the Angludet vineyard displays exceptional viticultural permanence for more than 300 years. The vine produces a wine which fully expresses the terroir, made up of sandy gravels and is particularly suitable for the cultivation of the vine.<\\\/p>\"}}]}]},{\"type\":\"row\",\"props\":{\"layout\":\"1-2,1-2\",\"margin\":\"large\"},\"children\":[{\"type\":\"column\",\"props\":{\"image_position\":\"center-center\",\"media_overlay_gradient\":\"\",\"width_medium\":\"1-2\",\"position_sticky_breakpoint\":\"m\"},\"children\":[{\"type\":\"image\",\"props\":{\"margin\":\"default\",\"image_svg_color\":\"emphasis\",\"image\":\"wp-content\\\/uploads\\\/propriete-angludet-chateau.jpg\"}}]},{\"type\":\"column\",\"props\":{\"image_position\":\"center-center\",\"media_overlay_gradient\":\"\",\"width_medium\":\"1-2\",\"position_sticky_breakpoint\":\"m\"},\"children\":[{\"type\":\"headline\",\"props\":{\"title_element\":\"div\",\"content\":\"12th century\",\"title_style\":\"h1\",\"title_decoration\":\"bullet\"}},{\"type\":\"text\",\"props\":{\"margin\":\"default\",\"column_breakpoint\":\"m\",\"content\":\"\n\n<p>Angludet is one of the oldest properties in the M\\u00e9doc.\\nIt owes its name to the knight Bertrand of Angludet who built his home there in the 12th century. The vine was probably introduced at the beginning of the 17th century during the extension of the Gironde vineyard on the Medoc peninsula.\\n<\\\/p>\"}}]}]},{\"type\":\"row\",\"props\":{\"layout\":\"1-2,1-2\",\"margin\":\"xlarge\"},\"children\":[{\"type\":\"column\",\"props\":{\"image_position\":\"center-center\",\"media_overlay_gradient\":\"\",\"width_medium\":\"1-2\",\"position_sticky_breakpoint\":\"m\"},\"children\":[{\"type\":\"headline\",\"props\":{\"title_element\":\"div\",\"content\":\"18th century\",\"title_style\":\"h1\",\"title_decoration\":\"bullet\"}},{\"type\":\"text\",\"props\":{\"margin\":\"default\",\"column_breakpoint\":\"m\",\"content\":\"\n\n<p>The first materialization appears on the Cassini map of <strong>1758<\\\/strong> considered to be the first inventory of French vineyards, on which the Angludet vineyard appears. By superimposing each cartographic census carried out since, it is noted that 95% of the current vineyard has always been planted.<\\\/p>\"}}]},{\"type\":\"column\",\"props\":{\"image_position\":\"center-center\",\"media_overlay_gradient\":\"\",\"width_medium\":\"1-2\",\"position_sticky_breakpoint\":\"m\"},\"children\":[{\"type\":\"image\",\"props\":{\"margin\":\"default\",\"image_svg_color\":\"emphasis\",\"image\":\"wp-content\\\/uploads\\\/angludet-lucarne-e1621427087795.jpg\"}}]}]},{\"type\":\"row\",\"props\":{\"column_gap\":\"collapse\",\"margin\":\"xlarge\"},\"children\":[{\"type\":\"column\",\"props\":{\"image_position\":\"center-center\",\"media_overlay_gradient\":\"\",\"width_medium\":\"\",\"vertical_align\":\"middle\",\"text_color\":\"dark\",\"position_sticky_breakpoint\":\"m\"},\"children\":[{\"type\":\"headline\",\"props\":{\"title_element\":\"div\",\"content\":\"This exceptional wine permanence rate is a sign of the quality of the terroir.\",\"title_style\":\"heading-small\",\"text_align\":\"center\",\"maxwidth\":\"2xlarge\",\"block_align\":\"center\",\"title_color\":\"primary\",\"margin\":\"medium\"}},{\"type\":\"image\",\"props\":{\"margin\":\"default\",\"image_svg_color\":\"emphasis\",\"image\":\"wp-content\\\/uploads\\\/permanence-viticole.jpg\",\"image_width\":\"100%\",\"visibility\":\"m\",\"image_box_decoration\":\"primary\",\"maxwidth\":\"xlarge\",\"block_align\":\"center\"}}]}]},{\"type\":\"row\",\"props\":{\"layout\":\"1-2,1-2\",\"margin\":\"xlarge\"},\"children\":[{\"type\":\"column\",\"props\":{\"image_position\":\"center-center\",\"media_overlay_gradient\":\"\",\"width_medium\":\"1-2\",\"position_sticky_breakpoint\":\"m\"},\"children\":[{\"type\":\"image\",\"props\":{\"margin\":\"default\",\"image_svg_color\":\"emphasis\",\"image\":\"wp-content\\\/uploads\\\/propriete-1791.jpg\"}}]},{\"type\":\"column\",\"props\":{\"image_position\":\"center-center\",\"media_overlay_gradient\":\"\",\"width_medium\":\"1-2\",\"position_sticky_breakpoint\":\"m\"},\"children\":[{\"type\":\"headline\",\"props\":{\"title_element\":\"div\",\"content\":\"1791\",\"title_style\":\"h1\",\"title_decoration\":\"bullet\"}},{\"type\":\"text\",\"props\":{\"margin\":\"default\",\"column_breakpoint\":\"m\",\"content\":\"\n\n<p>In <strong>1791<\\\/strong>, on the death of the then owner, Mr. Pierre Legras, the property was divided between his four heirs.<\\\/p>\\n\n\n<p>Due to this division, Ch\\u00e2teau Angludet was not retained in the classification of M\\u00e9doc wines in <strong>1855<\\\/strong>.<\\\/p>\"}}]}]},{\"type\":\"row\",\"props\":{\"layout\":\"1-2,1-2\",\"margin\":\"xlarge\"},\"children\":[{\"type\":\"column\",\"props\":{\"image_position\":\"center-center\",\"media_overlay_gradient\":\"\",\"width_medium\":\"1-2\",\"position_sticky_breakpoint\":\"m\"},\"children\":[{\"type\":\"headline\",\"props\":{\"title_element\":\"div\",\"content\":\"1961\",\"title_style\":\"h1\",\"title_decoration\":\"bullet\"}},{\"type\":\"text\",\"props\":{\"margin\":\"default\",\"column_breakpoint\":\"m\",\"content\":\"\n\n<p><strong>1961<\\\/strong>, Peter and Diana Sichel, wine merchants, fall in love with this place and decide to settle there to live there and to realize their dream: to produce a great wine. The property is reborn from its ashes. Peter and Diana Sichel dedicate their lives to renovating this special place. Today it is their children and grandchildren who live on the property and strive to promote Angludet to lovers of great wines around the world.<\\\/p>\"}}]},{\"type\":\"column\",\"props\":{\"image_position\":\"center-center\",\"media_overlay_gradient\":\"\",\"width_medium\":\"1-2\",\"position_sticky_breakpoint\":\"m\"},\"children\":[{\"type\":\"image\",\"props\":{\"margin\":\"default\",\"image_svg_color\":\"emphasis\",\"image\":\"wp-content\\\/uploads\\\/propriete-angludet-sichel.jpg\"}}]}]},{\"type\":\"row\",\"props\":{\"layout\":\"1-2,1-2\",\"margin\":\"xlarge\"},\"children\":[{\"type\":\"column\",\"props\":{\"image_position\":\"center-center\",\"media_overlay_gradient\":\"\",\"width_medium\":\"1-2\",\"position_sticky_breakpoint\":\"m\"},\"children\":[{\"type\":\"image\",\"props\":{\"margin\":\"default\",\"image_svg_color\":\"emphasis\",\"image\":\"wp-content\\\/uploads\\\/propriete-degustation.jpg\"}}]},{\"type\":\"column\",\"props\":{\"image_position\":\"center-center\",\"media_overlay_gradient\":\"\",\"width_medium\":\"1-2\",\"position_sticky_breakpoint\":\"m\"},\"children\":[{\"type\":\"headline\",\"props\":{\"title_element\":\"div\",\"content\":\"1980\",\"title_style\":\"h1\",\"title_decoration\":\"bullet\"}},{\"type\":\"text\",\"props\":{\"margin\":\"default\",\"column_breakpoint\":\"m\",\"content\":\"\n\n<p>In <strong>1980<\\\/strong>, Angludet joined the very closed circle of members of the UGCB (Union des Grands Crus Class\\u00e9s de Bordeaux).<\\\/p>\\n\n\n<p>The vocation of the UGCB is to promote the wines of its members as well as to organize tastings around the world in order to meet wine enthusiasts.<\\\/p>\"}}]}]},{\"type\":\"row\",\"props\":{\"margin\":\"xlarge\",\"margin_remove_bottom\":true},\"children\":[{\"type\":\"column\",\"props\":{\"image_position\":\"center-center\",\"media_overlay_gradient\":\"\",\"width_medium\":\"\",\"position_sticky_breakpoint\":\"m\"},\"children\":[{\"type\":\"image\",\"props\":{\"margin\":\"default\",\"image_svg_color\":\"emphasis\",\"image\":\"wp-content\\\/uploads\\\/chateau-chevaux.jpg\"}}]}]}]}],\"version\":\"2.7.21\"} --><\/p>\n","protected":false},"excerpt":{"rendered":"<p>Ch\u00e2teau Angludet Ch\u00e2teau Angludet is a vineyard in the Bordeaux region in the Margaux appellation, in the M\u00e9doc, on the left bank of the Gironde. The estate is managed by Benjamin Sichel who adopts biodynamics to produce great red wines with passion. A family affair Benefiting from the protective effect of the Gironde estuary, the [&hellip;]<\/p>\n","protected":false},"author":1,"featured_media":0,"parent":0,"menu_order":2,"comment_status":"closed","ping_status":"closed","template":"","meta":{"footnotes":""},"class_list":["post-2246","page","type-page","status-publish","hentry"],"_links":{"self":[{"href":"https:\/\/www.chateau-angludet.fr\/en\/wp-json\/wp\/v2\/pages\/2246","targetHints":{"allow":["GET"]}}],"collection":[{"href":"https:\/\/www.chateau-angludet.fr\/en\/wp-json\/wp\/v2\/pages"}],"about":[{"href":"https:\/\/www.chateau-angludet.fr\/en\/wp-json\/wp\/v2\/types\/page"}],"author":[{"embeddable":true,"href":"https:\/\/www.chateau-angludet.fr\/en\/wp-json\/wp\/v2\/users\/1"}],"replies":[{"embeddable":true,"href":"https:\/\/www.chateau-angludet.fr\/en\/wp-json\/wp\/v2\/comments?post=2246"}],"version-history":[{"count":0,"href":"https:\/\/www.chateau-angludet.fr\/en\/wp-json\/wp\/v2\/pages\/2246\/revisions"}],"wp:attachment":[{"href":"https:\/\/www.chateau-angludet.fr\/en\/wp-json\/wp\/v2\/media?parent=2246"}],"curies":[{"name":"wp","href":"https:\/\/api.w.org\/{rel}","templated":true}]}}